{"id":218,"date":"2025-01-25T07:29:48","date_gmt":"2025-01-25T07:29:48","guid":{"rendered":"https:\/\/majlis.com.br\/home\/?page_id=218"},"modified":"2025-01-25T07:43:20","modified_gmt":"2025-01-25T07:43:20","slug":"noticia-3","status":"publish","type":"page","link":"https:\/\/majlis.com.br\/home\/noticia-3\/","title":{"rendered":"Noticia 3"},"content":{"rendered":"\n\n\n<h2><br><\/h2>\n\n\n\n\n\n\n\n\n\n<p><span style=\"font-size: 15px; font-weight: 400; letter-spacing: normal; text-transform: none; text-decoration-style: initial;\">visita de Jihad Ahmad Abu Ali, consultor de neg\u00f3cios internacionais A Regi\u00e3o de Porto Murtinho<\/span><\/p>\n\n\n\n\n\n\n\n\n\n\n\n\n\n\n\n\n\n\n\n\n\n\n\n\n\n\n<p style=\"text-align: right; \"><span style=\"font-size: 20px; color: rgb(255, 255, 255);\"><strong style=\"line-height: 1;\">LOREM CORPORATE CEO<\/strong><\/span><\/p><p style=\"text-align: center;\"><span style=\"color: rgb(255, 255, 255);\">Duis aute irure dolor in reprehenderit in voluptate velit esse cillum dolore eu fugiat nulla pariatur. Excepteur sint occaecat cupidatat non proident, sunt in culpa qui officia deserunt mollit anim id est laborum.<\/span><\/p><p style=\"text-align: left;\"><sign>\u00a0 \u00a0 \u00a0 <span style=\"line-height: 2.0;\">Benn Marshall<\/span><\/sign><\/p>\n\n\n<p>Publicado o: 09-01-2025, Em: Instagram&nbsp;<span style=\"text-wrap-mode: nowrap;\">paulatenutaadvogadas<\/span><\/p>\n<p><span style=\"text-wrap-mode: nowrap;\"><\/span><\/p><p>Tivemos a honra de receber a visita de Jihad Ahmad Abu Ali, consultor de neg\u00f3cios internacionais e ex-diretor de Assuntos Internacionais de Foz do Igua\u00e7u. A visita consolidou uma parceria estrat\u00e9gica que promete transformar a regi\u00e3o de Porto Murtinho.<\/p><p><br><\/p><p>O objetivo \u00e9 atrair investimentos da China e dos pa\u00edses \u00e1rabes, fortalecendo a economia local e preparando a regi\u00e3o para os desafios e oportunidades trazidos pela Rota Bioce\u00e2nica e a integra\u00e7\u00e3o fronteiri\u00e7a.<\/p><p><br><\/p><p>A integra\u00e7\u00e3o econ\u00f4mica proporcionada pela Rota Bioce\u00e2nica \u00e9 uma oportunidade \u00fanica. Nosso objetivo \u00e9 garantir que Porto Murtinho esteja preparado para receber investimentos de forma estrat\u00e9gica, com seguran\u00e7a jur\u00eddica e foco em resultados duradouros.<\/p><p><br><\/p><p>Acompanhe nosso perfil para mais informa\u00e7\u00f5es sobre como essas transforma\u00e7\u00f5es impactam neg\u00f3cios, investimentos e oportunidades na regi\u00e3o fronteiri\u00e7a.<\/p>\n\n\n\n\n","protected":false},"excerpt":{"rendered":"","protected":false},"author":1,"featured_media":0,"parent":0,"menu_order":0,"comment_status":"closed","ping_status":"closed","template":"","meta":{"_siteseo_robots_primary_cat":"","pagelayer_contact_templates":[],"_pagelayer_content":"","footnotes":""},"class_list":["post-218","page","type-page","status-publish","hentry"],"_links":{"self":[{"href":"https:\/\/majlis.com.br\/home\/wp-json\/wp\/v2\/pages\/218","targetHints":{"allow":["GET"]}}],"collection":[{"href":"https:\/\/majlis.com.br\/home\/wp-json\/wp\/v2\/pages"}],"about":[{"href":"https:\/\/majlis.com.br\/home\/wp-json\/wp\/v2\/types\/page"}],"author":[{"embeddable":true,"href":"https:\/\/majlis.com.br\/home\/wp-json\/wp\/v2\/users\/1"}],"replies":[{"embeddable":true,"href":"https:\/\/majlis.com.br\/home\/wp-json\/wp\/v2\/comments?post=218"}],"version-history":[{"count":2,"href":"https:\/\/majlis.com.br\/home\/wp-json\/wp\/v2\/pages\/218\/revisions"}],"predecessor-version":[{"id":224,"href":"https:\/\/majlis.com.br\/home\/wp-json\/wp\/v2\/pages\/218\/revisions\/224"}],"wp:attachment":[{"href":"https:\/\/majlis.com.br\/home\/wp-json\/wp\/v2\/media?parent=218"}],"curies":[{"name":"wp","href":"https:\/\/api.w.org\/{rel}","templated":true}]}}