{"id":36,"date":"2025-01-22T02:08:16","date_gmt":"2025-01-22T02:08:16","guid":{"rendered":"https:\/\/majlis.com.br\/home\/services\/"},"modified":"2025-01-28T16:58:30","modified_gmt":"2025-01-28T16:58:30","slug":"services","status":"publish","type":"page","link":"https:\/\/majlis.com.br\/home\/services\/","title":{"rendered":"Services"},"content":{"rendered":"\n\n\n\n\n\n\n<span style=\"color: rgb(255, 153, 0); font-family: Peddana; font-size: 28px; font-style: normal; font-variant-ligatures: normal; font-variant-caps: normal; font-weight: 400; text-decoration-style: initial;\">Servi\u00e7os<\/span>\n<h2><span style=\"color: rgb(14, 27, 1); font-family: &quot;Open Sans&quot;; font-size: 29px; font-style: normal; font-variant-ligatures: normal; font-variant-caps: normal; font-weight: 400; text-align: center;\">MAJLIS Consultoria Internacional<\/span><\/h2>\n\n<p style=\"text-align: justify;\">\n\n\n\n\n\n\n\n\n\n\n<\/p><p style=\"font-family: &quot;Open Sans&quot; !important; text-decoration-style: solid !important; text-align: justify;\">Na Majlis Consultoria Internacional, oferecemos servi\u00e7os especializados em assessoria para internacionaliza\u00e7\u00e3o de munic\u00edpios, elabora\u00e7\u00e3o de estrat\u00e9gias de paradiplomacia, atra\u00e7\u00e3o de investimentos, promo\u00e7\u00e3o de parcerias estrat\u00e9gicas e capacita\u00e7\u00e3o em rela\u00e7\u00f5es internacionais. Nosso objetivo \u00e9 conectar os munic\u00edpios brasileiros ao cen\u00e1rio global, valorizando suas identidades locais e ampliando suas oportunidades no mundo.<\/p><p style=\"font-family: &quot;Open Sans&quot; !important; text-decoration-style: solid !important; text-align: center;\"><br style=\"text-align: center;\"><\/p>\n\n\n<p><span style=\"font-family: &quot;Open Sans&quot;, sans-serif; font-size: 15px; font-style: normal; font-variant-ligatures: normal; font-variant-caps: normal; font-weight: 300; text-align: justify;\">Levantamento detalhado das potencialidades econ\u00f4micas,&nbsp;<\/span><span style=\"font-style: normal; font-variant-ligatures: normal; font-variant-caps: normal; font-weight: 300; font-size: 15px; font-family: &quot;Open Sans&quot;, sans-serif; text-align: justify;\">culturais, industriais e tur\u00edsticas da regi\u00e3o. Aplicar uma an\u00e1lise SWOT, identifica\u00e7\u00e3o de \u00e1reas priorit\u00e1rias de internacionaliza\u00e7\u00e3o.&nbsp;<\/span><\/p>\n\n\n<p><span style=\"font-family: &quot;Open Sans&quot;, sans-serif; font-size: 15px; font-style: normal; font-variant-ligatures: normal; font-variant-caps: normal; font-weight: 300; text-align: justify;\">&nbsp;<\/span><span style=\"font-family: &quot;Open Sans&quot;, sans-serif; font-size: 15px; font-style: normal; font-variant-ligatures: normal; font-variant-caps: normal; font-weight: 300; text-align: justify;\">Estruturar e apoiar a formaliza\u00e7\u00e3o de parcerias. Facilitar encontros com investidores e representantes de setores log\u00edstico, industrial e agr\u00edcola. Organizar visitas de embaixadores e delega\u00e7\u00f5es internacionais ao munic\u00edpio.<\/span><\/p>\n\n\n<p><span style=\"font-family: &quot;Open Sans&quot;, sans-serif; font-size: 15px; font-style: normal; font-variant-ligatures: normal; font-variant-caps: normal; font-weight: 300; text-align: justify;\">Promover workshops sobre paradiplomacia e atra\u00e7\u00e3o de investimentos. Desenvolver um plano de forma\u00e7\u00e3o em rela\u00e7\u00f5es internacionais para gestores dos munic\u00edpio.&nbsp;<\/span><\/p>\n\n\n\n\n<p><span style=\"font-family: &quot;Open Sans&quot;, sans-serif; font-size: 15px; font-style: normal; font-variant-ligatures: normal; font-variant-caps: normal; font-weight: 300; text-align: justify;\">Articula\u00e7\u00e3o e participa\u00e7\u00e3o de clientes em eventos globais relevantes, para uma melhor introdu\u00e7\u00e3o \u00e0 \u00e1rea das rela\u00e7\u00f5es internacionais.&nbsp;<\/span><\/p>\n\n\n<p><span style=\"font-family: &quot;Open Sans&quot;, sans-serif; font-size: 15px; font-style: normal; font-variant-ligatures: normal; font-variant-caps: normal; font-weight: 300; text-align: justify;\">Elabora\u00e7\u00e3o de cronogramas de trabalho com etapas e hor\u00e1rios para projetos de internacionaliza\u00e7\u00e3o municipal.<\/span><\/p>\n\n\n<p><span style=\"font-family: &quot;Open Sans&quot;, sans-serif; font-size: 15px; font-style: normal; font-variant-ligatures: normal; font-variant-caps: normal; font-weight: 300; text-align: justify;\">Solu\u00e7\u00e3o detalhada e espec\u00edfica para as necessidades do cliente potencial, incluindo objetivos, metodologia, cronograma, custos e benef\u00edcios. Demonstrar ao cliente o valor, a experi\u00eancia e a viabilidade.<\/span><\/p>\n\n\n\n\n","protected":false},"excerpt":{"rendered":"","protected":false},"author":1,"featured_media":0,"parent":0,"menu_order":0,"comment_status":"closed","ping_status":"closed","template":"","meta":{"_siteseo_robots_primary_cat":"","pagelayer_contact_templates":[],"_pagelayer_content":"","footnotes":""},"class_list":["post-36","page","type-page","status-publish","hentry"],"_links":{"self":[{"href":"https:\/\/majlis.com.br\/home\/wp-json\/wp\/v2\/pages\/36","targetHints":{"allow":["GET"]}}],"collection":[{"href":"https:\/\/majlis.com.br\/home\/wp-json\/wp\/v2\/pages"}],"about":[{"href":"https:\/\/majlis.com.br\/home\/wp-json\/wp\/v2\/types\/page"}],"author":[{"embeddable":true,"href":"https:\/\/majlis.com.br\/home\/wp-json\/wp\/v2\/users\/1"}],"replies":[{"embeddable":true,"href":"https:\/\/majlis.com.br\/home\/wp-json\/wp\/v2\/comments?post=36"}],"version-history":[{"count":8,"href":"https:\/\/majlis.com.br\/home\/wp-json\/wp\/v2\/pages\/36\/revisions"}],"predecessor-version":[{"id":283,"href":"https:\/\/majlis.com.br\/home\/wp-json\/wp\/v2\/pages\/36\/revisions\/283"}],"wp:attachment":[{"href":"https:\/\/majlis.com.br\/home\/wp-json\/wp\/v2\/media?parent=36"}],"curies":[{"name":"wp","href":"https:\/\/api.w.org\/{rel}","templated":true}]}}