{"id":37,"date":"2025-01-22T02:08:16","date_gmt":"2025-01-22T02:08:16","guid":{"rendered":"https:\/\/majlis.com.br\/home\/contact\/"},"modified":"2025-02-09T03:34:33","modified_gmt":"2025-02-09T03:34:33","slug":"contact","status":"publish","type":"page","link":"https:\/\/majlis.com.br\/home\/contact\/","title":{"rendered":"Contact"},"content":{"rendered":"\n\n\n\n\n\n\n\nContate-Nos\nMAJLIS Consultoria Internacional\nNa Majlis Consultoria Internacional, acreditamos no poder das conex\u00f5es globais para transformar realidades locais. Estamos comprometidos em apoiar os munic\u00edpios brasileiros na constru\u00e7\u00e3o de um futuro mais conectado, integrado e cheio de oportunidades. Junte-se a n\u00f3s nessa jornada rumo \u00e0 internacionaliza\u00e7\u00e3o!\n\n\n<h1><br><\/h1>\n\n\n\n\n\n\n\n\n\n\n\nContate-nos\n<p style=\"text-align: center; \"><span style=\"font-family: &quot;Open Sans&quot;; font-size: 15px; font-style: normal; font-variant-ligatures: normal; font-variant-caps: normal; font-weight: 300;\">Envie sua mensagem a nosso email ou entre contato por telefone. Juntos, podemos transformar o potencial do seu munic\u00edpio em uma presen\u00e7a global de sucesso!<\/span><\/p>\n\n\n\n\n\nEnrede\u00e7o\n\n\n\n\nTelefone\n\n\n\n\nemail\ncontato@majlis.com.br\n\n\n\n\n","protected":false},"excerpt":{"rendered":"","protected":false},"author":1,"featured_media":0,"parent":0,"menu_order":0,"comment_status":"closed","ping_status":"closed","template":"","meta":{"_siteseo_robots_primary_cat":"","pagelayer_contact_templates":[],"_pagelayer_content":"","footnotes":""},"class_list":["post-37","page","type-page","status-publish","hentry"],"_links":{"self":[{"href":"https:\/\/majlis.com.br\/home\/wp-json\/wp\/v2\/pages\/37","targetHints":{"allow":["GET"]}}],"collection":[{"href":"https:\/\/majlis.com.br\/home\/wp-json\/wp\/v2\/pages"}],"about":[{"href":"https:\/\/majlis.com.br\/home\/wp-json\/wp\/v2\/types\/page"}],"author":[{"embeddable":true,"href":"https:\/\/majlis.com.br\/home\/wp-json\/wp\/v2\/users\/1"}],"replies":[{"embeddable":true,"href":"https:\/\/majlis.com.br\/home\/wp-json\/wp\/v2\/comments?post=37"}],"version-history":[{"count":17,"href":"https:\/\/majlis.com.br\/home\/wp-json\/wp\/v2\/pages\/37\/revisions"}],"predecessor-version":[{"id":333,"href":"https:\/\/majlis.com.br\/home\/wp-json\/wp\/v2\/pages\/37\/revisions\/333"}],"wp:attachment":[{"href":"https:\/\/majlis.com.br\/home\/wp-json\/wp\/v2\/media?parent=37"}],"curies":[{"name":"wp","href":"https:\/\/api.w.org\/{rel}","templated":true}]}}