{"id":38,"date":"2025-01-22T02:08:16","date_gmt":"2025-01-22T02:08:16","guid":{"rendered":"https:\/\/majlis.com.br\/home\/home\/"},"modified":"2025-05-06T17:59:46","modified_gmt":"2025-05-06T17:59:46","slug":"home","status":"publish","type":"page","link":"https:\/\/majlis.com.br\/home\/","title":{"rendered":"Home"},"content":{"rendered":"\n\n\nMAJLIS\n<p>\nConsultoria Internacional LTDA<\/p>\nCom solu\u00e7\u00f5es personalizadas e ampla experi\u00eancia em paradiplomacia, conectamos munic\u00edpios ao cen\u00e1rio global, promovendo parcerias estrat\u00e9gicas e fortalecendo a identidade local.\n<!-- {\"attr\":{\"align\":\"left\",\"group_layout\":\"horizontal\",\"vindent\":\"3\",\"hindent\":\"3\",\"hindent_mobile\":\"NaN\"},\"tmp\":{}} -->\n<style pagelayer-style-id=\"6n13038\">.p-6n13038{text-align: left}\n.p-6n13038 .pagelayer-btn{text-align: left;padding-left: 3px; padding-right: 3px}\n.p-6n13038 > div{display: inline-block}\n@media (max-width: 360px){.p-6n13038 .pagelayer-btn{padding-left: NaNpx; padding-right: NaNpx}\n}\n<\/style><!-- {\"attr\":{\"align\":\"left\",\"group_layout\":\"horizontal\",\"vindent\":\"3\",\"hindent\":\"3\",\"hindent_mobile\":\"NaN\"},\"tmp\":{}} -->\n<style pagelayer-style-id=\"6n13038\">.p-6n13038{text-align: left}\n.p-6n13038 .pagelayer-btn{text-align: left;padding-left: 3px; padding-right: 3px}\n.p-6n13038 > div{display: inline-block}\n@media (max-width: 360px){.p-6n13038 .pagelayer-btn{padding-left: NaNpx; padding-right: NaNpx}\n}\n<\/style><!-- {\"attr\":{\"align\":\"left\",\"group_layout\":\"horizontal\",\"vindent\":\"3\",\"hindent\":\"3\",\"hindent_mobile\":\"NaN\"},\"tmp\":{}} -->\n<style pagelayer-style-id=\"6n13038\">.p-6n13038{text-align: left}\n.p-6n13038 .pagelayer-btn{text-align: left;padding-left: 3px; padding-right: 3px}\n.p-6n13038 > div{display: inline-block}\n@media (max-width: 360px){.p-6n13038 .pagelayer-btn{padding-left: NaNpx; padding-right: NaNpx}\n}\n<\/style><!-- {\"attr\":{\"align\":\"left\",\"group_layout\":\"horizontal\",\"vindent\":\"3\",\"hindent\":\"3\",\"hindent_mobile\":\"NaN\"},\"tmp\":{}} -->\n<style pagelayer-style-id=\"6n13038\">.p-6n13038{text-align: left}\n.p-6n13038 .pagelayer-btn{text-align: left;padding-left: 3px; padding-right: 3px}\n.p-6n13038 > div{display: inline-block}\n@media (max-width: 360px){.p-6n13038 .pagelayer-btn{padding-left: NaNpx; padding-right: NaNpx}\n}\n<\/style><!-- {\"attr\":{\"align\":\"left\",\"group_layout\":\"horizontal\",\"vindent\":\"3\",\"hindent\":\"3\",\"hindent_mobile\":\"NaN\"},\"tmp\":{}} -->\n<style pagelayer-style-id=\"6n13038\">.p-6n13038{text-align: left}\n.p-6n13038 .pagelayer-btn{text-align: left;padding-left: 3px; padding-right: 3px}\n.p-6n13038 > div{display: inline-block}\n@media (max-width: 360px){.p-6n13038 .pagelayer-btn{padding-left: NaNpx; padding-right: NaNpx}\n}\n<\/style><!-- {\"attr\":{\"align\":\"left\",\"group_layout\":\"horizontal\",\"vindent\":\"3\",\"hindent\":\"3\",\"hindent_mobile\":\"NaN\"},\"tmp\":{}} -->\n<style pagelayer-style-id=\"6n13038\">.p-6n13038{text-align: left}\n.p-6n13038 .pagelayer-btn{text-align: left;padding-left: 3px; padding-right: 3px}\n.p-6n13038 > div{display: inline-block}\n@media (max-width: 360px){.p-6n13038 .pagelayer-btn{padding-left: NaNpx; padding-right: NaNpx}\n}\n<\/style><!-- {\"attr\":{\"align\":\"left\",\"group_layout\":\"horizontal\",\"vindent\":\"3\",\"hindent\":\"3\",\"hindent_mobile\":\"NaN\"},\"tmp\":{}} -->\n<style pagelayer-style-id=\"6n13038\">.p-6n13038{text-align: left}\n.p-6n13038 .pagelayer-btn{text-align: left;padding-left: 3px; padding-right: 3px}\n.p-6n13038 > div{display: inline-block}\n@media (max-width: 360px){.p-6n13038 .pagelayer-btn{padding-left: NaNpx; padding-right: NaNpx}\n}\n<\/style><!--{\"attr\":{\"align\":\"left\",\"group_layout\":\"horizontal\",\"vindent\":\"3\",\"hindent\":\"3\",\"hindent_mobile\":\"NaN\"},\"tmp\":{}}-->\n<style pagelayer-style-id=\"6n13038\">.p-6n13038{text-align: left}\n.p-6n13038 .pagelayer-btn{text-align: left}\n.p-6n13038 > div{display: inline-block;}\n.p-6n13038 .pagelayer-btn{padding-left: 3px; padding-right: 3px;}\n@media (max-width: 360px){.p-6n13038 .pagelayer-btn{padding-left: NaNpx; padding-right: NaNpx;}}<\/style>\n\n\n\n\n\n\n\n\n<h1 style=\"font-style: normal; font-variant-ligatures: normal; font-variant-caps: normal;\"><span style=\"font-style: normal; font-variant-ligatures: normal; font-variant-caps: normal; font-weight: 600; font-size: 34px; font-family: &quot;Open Sans&quot;; color: rgb(250, 250, 250);\"><br><\/span><\/h1>\n<h1 style=\"font-style: normal; font-variant-ligatures: normal; font-variant-caps: normal;\"><span style=\"font-style: normal; font-variant-ligatures: normal; font-variant-caps: normal; font-weight: 600; font-size: 34px; font-family: &quot;Open Sans&quot;; color: rgb(255, 153, 0);\">SERVI\u00c7OS <\/span><\/h1>\n<h1 style=\"font-style: normal; font-variant-ligatures: normal; font-variant-caps: normal;\"><span style=\"font-style: normal; font-variant-ligatures: normal; font-variant-caps: normal; font-weight: 600; font-size: 34px; font-family: &quot;Open Sans&quot;; color: rgb(255, 153, 0);\">QUE OFRECEMOS<\/span><\/h1>\n<p style=\"color: rgb(255, 255, 255); text-align: justify;\">Na Majlis Consultoria Internacional, oferecemos servi\u00e7os especializados em assessoria para internacionaliza\u00e7\u00e3o de munic\u00edpios, elabora\u00e7\u00e3o de estrat\u00e9gias de paradiplomacia, atra\u00e7\u00e3o de investimentos, promo\u00e7\u00e3o de parcerias estrat\u00e9gicas e capacita\u00e7\u00e3o em rela\u00e7\u00f5es internacionais. Nosso objetivo \u00e9 conectar os munic\u00edpios brasileiros ao cen\u00e1rio global, valorizando suas identidades locais e ampliando suas oportunidades no mundo.<\/p>\n<p><br><\/p>\n\n\n\n\n\n<p><br><\/p>\n\n\n\n\n<h2 style=\"font-style: normal; font-variant-ligatures: normal; font-variant-caps: normal; font-family: Verdana; color: rgb(71, 71, 71); letter-spacing: normal; text-transform: none; text-decoration-style: initial;\"><span style=\"font-style: normal; font-variant-ligatures: normal; font-variant-caps: normal; font-size: 29px; font-family: &quot;Open Sans&quot;; color: rgb(14, 27, 1); line-height: 1.2em !important;\"><span lang=\"PT-BR\" style=\"font-size: 11pt; line-height: 34.8px; font-family: Arial, sans-serif; color: rgb(255, 153, 0);\">Metodologia de Trabalho<\/span><\/span><\/h2>\n\n\n\n<ul type=\"circle\" style=\"font-style: normal; font-variant-ligatures: normal; font-variant-caps: normal; font-weight: 400; font-size: 17.3333px; font-family: &quot;Open Sans&quot;, sans-serif; text-align: left;\"><li class=\"MsoNormal\" style=\"line-height: normal; text-align: justify;\"><span lang=\"PT-BR\" style=\"font-family: Arial, sans-serif;\"><span style=\"color: rgb(255, 255, 255); font-family: Abel;\">Relat\u00f3rio inicial de potencialidades e desafios, plano de a\u00e7\u00e3o preliminar.<\/span><o:p><\/o:p><\/span><\/li><li><\/li><\/ul>\n\n\n<p><span style=\"font-family: Abel; font-size: 17.3333px; font-style: normal; font-variant-ligatures: normal; font-variant-caps: normal; font-weight: 400; text-align: left; color: rgb(255, 255, 255);\">Plano de A\u00e7\u00e3o detalhado, curr\u00edculo de capacita\u00e7\u00e3o em rela\u00e7\u00f5es internacionais para funcion\u00e1rios.<\/span><\/p>\n\n\n<p><span style=\"font-family: Abel; font-size: 17.3333px; font-style: normal; font-variant-ligatures: normal; font-variant-caps: normal; font-weight: 400; text-align: left; color: rgb(255, 255, 255);\">Relat\u00f3rios de progresso trimestrais, registros de parcerias firmadas.<\/span><\/p>\n\n\n<p><span style=\"font-family: Abel; font-size: 17.3333px; font-style: normal; font-variant-ligatures: normal; font-variant-caps: normal; font-weight: 400; text-align: left; color: rgb(255, 255, 255);\">Relat\u00f3rio final com indicadores de sucesso, diretrizes para o <span style=\"font-family:Abel;\"><\/span>Plano Municipal de Rela\u00e7\u00f5es Internacionais, documenta\u00e7\u00e3o das parcerias estabelecidas.<\/span><\/p>\n\n\n\n\n\n\n\n\n<span style=\"color: rgb(255, 153, 0);\">Jihad Abu Ali<\/span>\nJihad Ahmad Abu Ali atuou como Diretor de Assuntos Internacionais de Foz do Igua\u00e7u (2017-2024), destacando-se no fortalecimento das rela\u00e7\u00f5es com a China e pa\u00edses \u00e1rabes. Com ampla experi\u00eancia em diplomacia e coopera\u00e7\u00e3o internacional, liderou iniciativas que posicionaram a cidade como refer\u00eancia em integra\u00e7\u00e3o global, promovendo parcerias estrat\u00e9gicas e oportunidades de desenvolvimento.\n\n\n\n\n\n\n\n\n<span style=\"font-size: 17.3333px;\">A comitiva participou da AIM Conference (Annual Investment Meeting), um dos principais f\u00f3runs globais voltados \u00e0 atra\u00e7\u00e3o de investimentos.<\/span>\n\n\n<span style=\"font-family: &quot;Open Sans&quot;, sans-serif; font-size: 17.3333px; font-style: normal; font-variant-ligatures: normal; font-variant-caps: normal; font-weight: 400;\">Reconhecimento destaca atua\u00e7\u00e3o na Opera\u00e7\u00e3o Ra\u00edzes do Cedro e contribui\u00e7\u00e3o \u00e0 For\u00e7a de Prote\u00e7\u00e3o do Sistema \u00danico de Assist\u00eancia Social (FORSUAS).<\/span>\n\n\nA participa\u00e7\u00e3o de Ciudad del Este no evento refor\u00e7a o compromisso da cidade em buscar solu\u00e7\u00f5es inteligentes e sustent\u00e1veis.\n\n\n\n\n\n\n<h1 style=\"font-style: normal; font-variant-ligatures: normal; font-variant-caps: normal;\"><span style=\"font-style: normal; font-variant-ligatures: normal; font-variant-caps: normal; font-weight: 600; font-size: 34px; font-family: &quot;Open Sans&quot;; color: rgb(255, 153, 0);\">NOSSOS PARCEIROS<\/span><\/h1>\n\n\n\n<h2><font color=\"#fcfcfd\" face=\"Open Sans\"><span style=\"font-weight: 300;\">Aprontta \u00e9 uma empresa que nasce do \u00edmpeto em mesclar organiza\u00e7\u00e3o com o caos criativo.&nbsp;<\/span><\/font><\/h2><h2><font color=\"#fcfcfd\" face=\"Open Sans\"><span style=\"font-weight: 300;\">Pesquisas de mercado , desenvolvimento de produtos, de projetos, de marcas.<\/span><\/font><\/h2>\n<p><br><\/p>\n\n\n","protected":false},"excerpt":{"rendered":"","protected":false},"author":1,"featured_media":0,"parent":0,"menu_order":0,"comment_status":"closed","ping_status":"closed","template":"","meta":{"_siteseo_robots_primary_cat":"","pagelayer_contact_templates":[],"_pagelayer_content":"","footnotes":""},"class_list":["post-38","page","type-page","status-publish","hentry"],"_links":{"self":[{"href":"https:\/\/majlis.com.br\/home\/wp-json\/wp\/v2\/pages\/38","targetHints":{"allow":["GET"]}}],"collection":[{"href":"https:\/\/majlis.com.br\/home\/wp-json\/wp\/v2\/pages"}],"about":[{"href":"https:\/\/majlis.com.br\/home\/wp-json\/wp\/v2\/types\/page"}],"author":[{"embeddable":true,"href":"https:\/\/majlis.com.br\/home\/wp-json\/wp\/v2\/users\/1"}],"replies":[{"embeddable":true,"href":"https:\/\/majlis.com.br\/home\/wp-json\/wp\/v2\/comments?post=38"}],"version-history":[{"count":70,"href":"https:\/\/majlis.com.br\/home\/wp-json\/wp\/v2\/pages\/38\/revisions"}],"predecessor-version":[{"id":407,"href":"https:\/\/majlis.com.br\/home\/wp-json\/wp\/v2\/pages\/38\/revisions\/407"}],"wp:attachment":[{"href":"https:\/\/majlis.com.br\/home\/wp-json\/wp\/v2\/media?parent=38"}],"curies":[{"name":"wp","href":"https:\/\/api.w.org\/{rel}","templated":true}]}}